{"id":16,"date":"2015-08-24T15:20:43","date_gmt":"2015-08-24T13:20:43","guid":{"rendered":"http:\/\/www.ansagmbh.at\/?page_id=16"},"modified":"2015-08-24T15:20:43","modified_gmt":"2015-08-24T13:20:43","slug":"betriebsfuehrung-2","status":"publish","type":"page","link":"https:\/\/www.ansagmbh.at\/en\/technische-dienstleistungen\/betriebsfuehrung-2\/","title":{"rendered":"Betriebsf\u00fchrung"},"content":{"rendered":"<p>&nbsp;<\/p>\n<p>F\u00fcr den optimalen Betrieb Ihrer haustechnischen Anlagen ist ein gewerk\u00fcbergreifendes Management eine wesentliche Voraussetzung.<\/p>\n<p>Wir sorgen daf\u00fcr, dass s\u00e4mtliche von uns betreute Anlagen und Einrichtungen in Ihren Geb\u00e4uden funktionieren und koordinieren alle Ma\u00dfnahmen.<\/p>\n","protected":false},"excerpt":{"rendered":"<p>&nbsp; F\u00fcr den optimalen Betrieb Ihrer haustechnischen Anlagen ist ein gewerk\u00fcbergreifendes Management eine wesentliche Voraussetzung. Wir sorgen daf\u00fcr, dass s\u00e4mtliche von uns betreute Anlagen und Einrichtungen in Ihren Geb\u00e4uden funktionieren und koordinieren alle Ma\u00dfnahmen.<\/p>\n","protected":false},"author":1,"featured_media":5,"parent":9,"menu_order":0,"comment_status":"closed","ping_status":"closed","template":"","meta":{"footnotes":""},"translation":{"provider":"WPGlobus","version":"3.0.0","language":"en","enabled_languages":["de","en"],"languages":{"de":{"title":true,"content":true,"excerpt":false},"en":{"title":false,"content":false,"excerpt":false}}},"_links":{"self":[{"href":"https:\/\/www.ansagmbh.at\/en\/wp-json\/wp\/v2\/pages\/16"}],"collection":[{"href":"https:\/\/www.ansagmbh.at\/en\/wp-json\/wp\/v2\/pages"}],"about":[{"href":"https:\/\/www.ansagmbh.at\/en\/wp-json\/wp\/v2\/types\/page"}],"author":[{"embeddable":true,"href":"https:\/\/www.ansagmbh.at\/en\/wp-json\/wp\/v2\/users\/1"}],"replies":[{"embeddable":true,"href":"https:\/\/www.ansagmbh.at\/en\/wp-json\/wp\/v2\/comments?post=16"}],"version-history":[{"count":1,"href":"https:\/\/www.ansagmbh.at\/en\/wp-json\/wp\/v2\/pages\/16\/revisions"}],"predecessor-version":[{"id":17,"href":"https:\/\/www.ansagmbh.at\/en\/wp-json\/wp\/v2\/pages\/16\/revisions\/17"}],"up":[{"embeddable":true,"href":"https:\/\/www.ansagmbh.at\/en\/wp-json\/wp\/v2\/pages\/9"}],"wp:featuredmedia":[{"embeddable":true,"href":"https:\/\/www.ansagmbh.at\/en\/wp-json\/wp\/v2\/media\/5"}],"wp:attachment":[{"href":"https:\/\/www.ansagmbh.at\/en\/wp-json\/wp\/v2\/media?parent=16"}],"curies":[{"name":"wp","href":"https:\/\/api.w.org\/{rel}","templated":true}]}}