{"id":18,"date":"2015-08-24T15:21:09","date_gmt":"2015-08-24T13:21:09","guid":{"rendered":"http:\/\/www.ansagmbh.at\/?page_id=18"},"modified":"2015-08-24T15:21:09","modified_gmt":"2015-08-24T13:21:09","slug":"stoerservice-2","status":"publish","type":"page","link":"https:\/\/www.ansagmbh.at\/en\/technische-dienstleistungen\/stoerservice-2\/","title":{"rendered":"St\u00f6rservice"},"content":{"rendered":"<p>&nbsp;<\/p>\n<p>St\u00f6rungen oder gar Ausf\u00e4lle von technischen Anlagen finden h\u00e4ufig nachts oder an Wochen-enden statt.<\/p>\n<p>&nbsp;<\/p>\n<p>Wir stehen an 365 Tagen im Jahr 24 Stunden t\u00e4glich f\u00fcr Sie bereit, um innerhalb k\u00fcrzester Zeit vor Ort zu sein, damit St\u00f6rungen beseitigt bzw. die richtigen Sofortma\u00dfnahmen ergriffen werden.<\/p>\n","protected":false},"excerpt":{"rendered":"<p>&nbsp; St\u00f6rungen oder gar Ausf\u00e4lle von technischen Anlagen finden h\u00e4ufig nachts oder an Wochen-enden statt. &nbsp; Wir stehen an 365 Tagen im Jahr 24 Stunden t\u00e4glich f\u00fcr Sie bereit, um innerhalb k\u00fcrzester Zeit vor Ort zu sein, damit St\u00f6rungen beseitigt bzw. die richtigen Sofortma\u00dfnahmen ergriffen werden.<\/p>\n","protected":false},"author":1,"featured_media":7,"parent":9,"menu_order":0,"comment_status":"closed","ping_status":"closed","template":"","meta":{"footnotes":""},"translation":{"provider":"WPGlobus","version":"3.0.0","language":"en","enabled_languages":["de","en"],"languages":{"de":{"title":true,"content":true,"excerpt":false},"en":{"title":false,"content":false,"excerpt":false}}},"_links":{"self":[{"href":"https:\/\/www.ansagmbh.at\/en\/wp-json\/wp\/v2\/pages\/18"}],"collection":[{"href":"https:\/\/www.ansagmbh.at\/en\/wp-json\/wp\/v2\/pages"}],"about":[{"href":"https:\/\/www.ansagmbh.at\/en\/wp-json\/wp\/v2\/types\/page"}],"author":[{"embeddable":true,"href":"https:\/\/www.ansagmbh.at\/en\/wp-json\/wp\/v2\/users\/1"}],"replies":[{"embeddable":true,"href":"https:\/\/www.ansagmbh.at\/en\/wp-json\/wp\/v2\/comments?post=18"}],"version-history":[{"count":1,"href":"https:\/\/www.ansagmbh.at\/en\/wp-json\/wp\/v2\/pages\/18\/revisions"}],"predecessor-version":[{"id":19,"href":"https:\/\/www.ansagmbh.at\/en\/wp-json\/wp\/v2\/pages\/18\/revisions\/19"}],"up":[{"embeddable":true,"href":"https:\/\/www.ansagmbh.at\/en\/wp-json\/wp\/v2\/pages\/9"}],"wp:featuredmedia":[{"embeddable":true,"href":"https:\/\/www.ansagmbh.at\/en\/wp-json\/wp\/v2\/media\/7"}],"wp:attachment":[{"href":"https:\/\/www.ansagmbh.at\/en\/wp-json\/wp\/v2\/media?parent=18"}],"curies":[{"name":"wp","href":"https:\/\/api.w.org\/{rel}","templated":true}]}}